{"id":60,"date":"2015-04-13T21:37:07","date_gmt":"2015-04-13T21:37:07","guid":{"rendered":"http:\/\/www.sir-drone.com\/?page_id=60"},"modified":"2015-05-07T10:27:18","modified_gmt":"2015-05-07T08:27:18","slug":"perche-sir-drone","status":"publish","type":"page","link":"http:\/\/www.sir-drone.com\/","title":{"rendered":"Home"},"content":{"rendered":"<p>Perch\u00e8 Sir-Drone ?<\/p>\n<p>Perch\u00e8 siamo <strong>dronisti <\/strong>con stile!<\/p>\n<p>Siamo un gruppo di amici uniti da pi\u00f9 passioni: l&#8217;informatica, il modellismo e la fotografia. Per condire il tutto abbiamo aggiunto un pizzico di follia che pi\u00f9 ci caratterizza. Cos\u00ec abbiamo deciso di avviare un blog per raccontare le nostre <strong>esperienze, <\/strong>le nostre <strong>avventure<\/strong> ma anche i nostri pareri e punti di vista su un mondo che rappresenter\u00e0 una vera e propria <em>job opportunity<\/em> in diversi settori considerati i molteplici campi di applicazione dei droni multirotore.<\/p>\n<p>&nbsp;<\/p>\n<p>&nbsp;<\/p>\n<p>&nbsp;<\/p>\n","protected":false},"excerpt":{"rendered":"<p>Perch\u00e8 Sir-Drone ? Perch\u00e8 siamo dronisti con stile! Siamo un gruppo di amici uniti da pi\u00f9 passioni: l&#8217;informatica, il modellismo e la fotografia. Per condire il tutto abbiamo aggiunto un pizzico di follia che pi\u00f9 ci caratterizza. Cos\u00ec abbiamo deciso di avviare un blog per raccontare le nostre esperienze, le nostre avventure ma anche i [&hellip;]<\/p>\n","protected":false},"author":1,"featured_media":0,"parent":0,"menu_order":0,"comment_status":"closed","ping_status":"closed","template":"","meta":[],"_links":{"self":[{"href":"http:\/\/www.sir-drone.com\/index.php\/wp-json\/wp\/v2\/pages\/60"}],"collection":[{"href":"http:\/\/www.sir-drone.com\/index.php\/wp-json\/wp\/v2\/pages"}],"about":[{"href":"http:\/\/www.sir-drone.com\/index.php\/wp-json\/wp\/v2\/types\/page"}],"author":[{"embeddable":true,"href":"http:\/\/www.sir-drone.com\/index.php\/wp-json\/wp\/v2\/users\/1"}],"replies":[{"embeddable":true,"href":"http:\/\/www.sir-drone.com\/index.php\/wp-json\/wp\/v2\/comments?post=60"}],"version-history":[{"count":5,"href":"http:\/\/www.sir-drone.com\/index.php\/wp-json\/wp\/v2\/pages\/60\/revisions"}],"predecessor-version":[{"id":159,"href":"http:\/\/www.sir-drone.com\/index.php\/wp-json\/wp\/v2\/pages\/60\/revisions\/159"}],"wp:attachment":[{"href":"http:\/\/www.sir-drone.com\/index.php\/wp-json\/wp\/v2\/media?parent=60"}],"curies":[{"name":"wp","href":"https:\/\/api.w.org\/{rel}","templated":true}]}}